{"id":72,"date":"2022-07-30T15:09:46","date_gmt":"2022-07-30T13:09:46","guid":{"rendered":"https:\/\/blueslerntlaufen.de\/?page_id=72"},"modified":"2023-04-22T00:41:30","modified_gmt":"2023-04-21T22:41:30","slug":"wir","status":"publish","type":"page","link":"https:\/\/blueslerntlaufen.de\/?page_id=72","title":{"rendered":"Die Mannschaft"},"content":{"rendered":"\n<figure class=\"wp-block-image size-full is-resized\"><img loading=\"lazy\" decoding=\"async\" src=\"https:\/\/blueslerntlaufen.de\/wp-content\/uploads\/2022\/12\/054-2.jpg\" alt=\"\" class=\"wp-image-510\" width=\"649\" height=\"649\" srcset=\"https:\/\/blueslerntlaufen.de\/wp-content\/uploads\/2022\/12\/054-2.jpg 384w, https:\/\/blueslerntlaufen.de\/wp-content\/uploads\/2022\/12\/054-2-300x300.jpg 300w, https:\/\/blueslerntlaufen.de\/wp-content\/uploads\/2022\/12\/054-2-150x150.jpg 150w\" sizes=\"auto, (max-width: 649px) 100vw, 649px\" \/><\/figure>\n\n\n\n<p class=\"wp-block-paragraph\">Bernhard Giese <\/p>\n\n\n\n<p class=\"wp-block-paragraph\">Vater von 5 Kindern<\/p>\n\n\n\n<p class=\"wp-block-paragraph\">20 Jahre als Lehrer f\u00fcr Pflege gearbeitet<\/p>\n\n\n\n<p class=\"wp-block-paragraph\">hat Blues gebaut<\/p>\n\n\n\n<p class=\"wp-block-paragraph\"><\/p>\n\n\n\n<p class=\"wp-block-paragraph\">Roland ist am 18.4. an Bord gekommen. Er ist segelerfahren und ich bin gl\u00fccklich ihn f\u00fcr die Atlantik\u00fcberquerung an Bord zu haben.<\/p>\n\n\n\n<figure class=\"wp-block-image size-large\"><img loading=\"lazy\" decoding=\"async\" width=\"822\" height=\"1024\" src=\"https:\/\/blueslerntlaufen.de\/wp-content\/uploads\/2023\/04\/DSC_2179-822x1024.jpg\" alt=\"\" class=\"wp-image-766\" srcset=\"https:\/\/blueslerntlaufen.de\/wp-content\/uploads\/2023\/04\/DSC_2179-822x1024.jpg 822w, https:\/\/blueslerntlaufen.de\/wp-content\/uploads\/2023\/04\/DSC_2179-241x300.jpg 241w, https:\/\/blueslerntlaufen.de\/wp-content\/uploads\/2023\/04\/DSC_2179-768x956.jpg 768w, https:\/\/blueslerntlaufen.de\/wp-content\/uploads\/2023\/04\/DSC_2179-1234x1536.jpg 1234w, https:\/\/blueslerntlaufen.de\/wp-content\/uploads\/2023\/04\/DSC_2179-1645x2048.jpg 1645w\" sizes=\"auto, (max-width: 822px) 100vw, 822px\" \/><\/figure>\n\n\n\n<p class=\"wp-block-paragraph\"> Patrick ist am 20.4.zu uns gekommen. Mit Ihm sind wir wieder ein richtiges Team und wir werden gemeinsam die Atlantik\u00fcberquerung schaffen.<\/p>\n\n\n\n<figure class=\"wp-block-image size-large\"><img loading=\"lazy\" decoding=\"async\" width=\"951\" height=\"1024\" src=\"https:\/\/blueslerntlaufen.de\/wp-content\/uploads\/2023\/04\/DSC_2185_01-951x1024.jpg\" alt=\"\" class=\"wp-image-778\" srcset=\"https:\/\/blueslerntlaufen.de\/wp-content\/uploads\/2023\/04\/DSC_2185_01-951x1024.jpg 951w, https:\/\/blueslerntlaufen.de\/wp-content\/uploads\/2023\/04\/DSC_2185_01-279x300.jpg 279w, https:\/\/blueslerntlaufen.de\/wp-content\/uploads\/2023\/04\/DSC_2185_01-768x827.jpg 768w, https:\/\/blueslerntlaufen.de\/wp-content\/uploads\/2023\/04\/DSC_2185_01-1427x1536.jpg 1427w, https:\/\/blueslerntlaufen.de\/wp-content\/uploads\/2023\/04\/DSC_2185_01-1902x2048.jpg 1902w\" sizes=\"auto, (max-width: 951px) 100vw, 951px\" \/><\/figure>\n\n\n\n<p class=\"wp-block-paragraph\"><\/p>\n\n\n\n<figure class=\"wp-block-image size-large\"><img loading=\"lazy\" decoding=\"async\" width=\"1024\" height=\"683\" src=\"https:\/\/blueslerntlaufen.de\/wp-content\/uploads\/2023\/04\/DSC_2156-1024x683.jpg\" alt=\"\" class=\"wp-image-734\" srcset=\"https:\/\/blueslerntlaufen.de\/wp-content\/uploads\/2023\/04\/DSC_2156-1024x683.jpg 1024w, https:\/\/blueslerntlaufen.de\/wp-content\/uploads\/2023\/04\/DSC_2156-300x200.jpg 300w, https:\/\/blueslerntlaufen.de\/wp-content\/uploads\/2023\/04\/DSC_2156-768x512.jpg 768w, https:\/\/blueslerntlaufen.de\/wp-content\/uploads\/2023\/04\/DSC_2156-1536x1024.jpg 1536w, https:\/\/blueslerntlaufen.de\/wp-content\/uploads\/2023\/04\/DSC_2156-2048x1365.jpg 2048w\" sizes=\"auto, (max-width: 1024px) 100vw, 1024px\" \/><\/figure>\n\n\n\n<p class=\"wp-block-paragraph\"><\/p>\n\n\n\n<p class=\"wp-block-paragraph\"><\/p>\n\n\n\n<p class=\"wp-block-paragraph\"><\/p>\n\n\n\n<p class=\"wp-block-paragraph\">Renate ist seit dem 1.4. an Bord. Wir haben Sie in Guadeloupe abgeholt und zwei Wochen sp\u00e4ter dort wieder -ausreichend wiederhergestellt- zur\u00fcckgebracht. <\/p>\n\n\n\n<p class=\"wp-block-paragraph\">Daniel ist seit dem 31.1.an Bord und hat uns leider am 21.03 2013 verlassen um sein Studium abzuschlie\u00dfen. <\/p>\n\n\n\n<figure class=\"wp-block-image size-large\"><img loading=\"lazy\" decoding=\"async\" width=\"576\" height=\"1024\" src=\"https:\/\/blueslerntlaufen.de\/wp-content\/uploads\/2023\/02\/20230201_132823-576x1024.jpg\" alt=\"\" class=\"wp-image-560\" srcset=\"https:\/\/blueslerntlaufen.de\/wp-content\/uploads\/2023\/02\/20230201_132823-576x1024.jpg 576w, https:\/\/blueslerntlaufen.de\/wp-content\/uploads\/2023\/02\/20230201_132823-169x300.jpg 169w, https:\/\/blueslerntlaufen.de\/wp-content\/uploads\/2023\/02\/20230201_132823-768x1365.jpg 768w, https:\/\/blueslerntlaufen.de\/wp-content\/uploads\/2023\/02\/20230201_132823-864x1536.jpg 864w, https:\/\/blueslerntlaufen.de\/wp-content\/uploads\/2023\/02\/20230201_132823-1153x2048.jpg 1153w, https:\/\/blueslerntlaufen.de\/wp-content\/uploads\/2023\/02\/20230201_132823-scaled.jpg 1441w\" sizes=\"auto, (max-width: 576px) 100vw, 576px\" \/><\/figure>\n\n\n\n<figure class=\"wp-block-gallery has-nested-images columns-default is-cropped wp-block-gallery-1 is-layout-flex wp-block-gallery-is-layout-flex\">\n<figure class=\"wp-block-image size-large\"><img loading=\"lazy\" decoding=\"async\" width=\"1024\" height=\"759\" data-id=\"687\" src=\"https:\/\/blueslerntlaufen.de\/wp-content\/uploads\/2023\/03\/signal-2023-03-13-09-15-51-395-1024x759.jpg\" alt=\"\" class=\"wp-image-687\" srcset=\"https:\/\/blueslerntlaufen.de\/wp-content\/uploads\/2023\/03\/signal-2023-03-13-09-15-51-395-1024x759.jpg 1024w, https:\/\/blueslerntlaufen.de\/wp-content\/uploads\/2023\/03\/signal-2023-03-13-09-15-51-395-300x222.jpg 300w, https:\/\/blueslerntlaufen.de\/wp-content\/uploads\/2023\/03\/signal-2023-03-13-09-15-51-395-768x569.jpg 768w, https:\/\/blueslerntlaufen.de\/wp-content\/uploads\/2023\/03\/signal-2023-03-13-09-15-51-395-1536x1139.jpg 1536w, https:\/\/blueslerntlaufen.de\/wp-content\/uploads\/2023\/03\/signal-2023-03-13-09-15-51-395.jpg 2048w\" sizes=\"auto, (max-width: 1024px) 100vw, 1024px\" \/><\/figure>\n<\/figure>\n\n\n\n<p class=\"wp-block-paragraph\">Felix ist ab dem 21.1. an Bord. Er ist auch schon \u00fcber den Atlantik gesegelt, ist also nicht nur nett sondern auch erfahren. Er ist am 2.4. von Bord gegangen.<\/p>\n\n\n\n<figure class=\"wp-block-image size-full\"><img loading=\"lazy\" decoding=\"async\" width=\"513\" height=\"426\" src=\"https:\/\/blueslerntlaufen.de\/wp-content\/uploads\/2022\/12\/054-3.jpg\" alt=\"\" class=\"wp-image-513\" srcset=\"https:\/\/blueslerntlaufen.de\/wp-content\/uploads\/2022\/12\/054-3.jpg 513w, https:\/\/blueslerntlaufen.de\/wp-content\/uploads\/2022\/12\/054-3-300x249.jpg 300w\" sizes=\"auto, (max-width: 513px) 100vw, 513px\" \/><\/figure>\n\n\n\n<p class=\"wp-block-paragraph\">Heinz L\u00fcbke, der Mann mit viel Segelerfahrung, ist leider auch in Martinique von Bord gegangen. Er war von Emden an dabei und irgendwie wird es auch ohne ihn weitergehen.<\/p>\n\n\n\n<p class=\"wp-block-paragraph\"><\/p>\n\n\n\n<figure class=\"wp-block-image size-full is-resized\"><img loading=\"lazy\" decoding=\"async\" src=\"https:\/\/blueslerntlaufen.de\/wp-content\/uploads\/2022\/12\/040-2.jpg\" alt=\"\" class=\"wp-image-484\" width=\"421\" height=\"316\" srcset=\"https:\/\/blueslerntlaufen.de\/wp-content\/uploads\/2022\/12\/040-2.jpg 459w, https:\/\/blueslerntlaufen.de\/wp-content\/uploads\/2022\/12\/040-2-300x225.jpg 300w\" sizes=\"auto, (max-width: 421px) 100vw, 421px\" \/><\/figure>\n\n\n\n<p class=\"wp-block-paragraph\">Nick ist leider nur von Barbados bis Martinique an Bord gewesen. <\/p>\n\n\n\n<p class=\"wp-block-paragraph\"><\/p>\n\n\n\n<figure class=\"wp-block-image size-full is-resized\"><img loading=\"lazy\" decoding=\"async\" src=\"https:\/\/blueslerntlaufen.de\/wp-content\/uploads\/2022\/12\/1000000227-2.jpg\" alt=\"\" class=\"wp-image-520\" width=\"396\" height=\"526\" srcset=\"https:\/\/blueslerntlaufen.de\/wp-content\/uploads\/2022\/12\/1000000227-2.jpg 252w, https:\/\/blueslerntlaufen.de\/wp-content\/uploads\/2022\/12\/1000000227-2-226x300.jpg 226w\" sizes=\"auto, (max-width: 396px) 100vw, 396px\" \/><\/figure>\n\n\n\n<p class=\"wp-block-paragraph\">Matthias war unser dritter Mann bei der Atlantik\u00fcberquerung. Er hat auf einmal 3000 Seemeilen mehr an Erfahrungen. Er ist in Barbados von Bord gegangen, denn er muss wieder arbeiten.<\/p>\n\n\n\n<p class=\"wp-block-paragraph\"><\/p>\n\n\n\n<figure class=\"wp-block-image size-full\"><img loading=\"lazy\" decoding=\"async\" width=\"384\" height=\"512\" src=\"https:\/\/blueslerntlaufen.de\/wp-content\/uploads\/2022\/09\/148.jpg\" alt=\"\" class=\"wp-image-348\" srcset=\"https:\/\/blueslerntlaufen.de\/wp-content\/uploads\/2022\/09\/148.jpg 384w, https:\/\/blueslerntlaufen.de\/wp-content\/uploads\/2022\/09\/148-225x300.jpg 225w\" sizes=\"auto, (max-width: 384px) 100vw, 384px\" \/><figcaption class=\"wp-element-caption\">Nathalie<\/figcaption><\/figure>\n\n\n\n<p class=\"wp-block-paragraph\">Nathalie, wenn sie nicht gerade in Kiel Psychologie studiert, wachsen ihr hier Seebeine. Sie ist ab Teneriffa nicht mehr dabei.<\/p>\n","protected":false},"excerpt":{"rendered":"<p>Bernhard Giese Vater von 5 Kindern 20 Jahre als Lehrer f\u00fcr Pflege gearbeitet hat Blues gebaut Roland ist am 18.4. an Bord gekommen. Er ist segelerfahren und ich bin gl\u00fccklich ihn f\u00fcr die Atlantik\u00fcberquerung an Bord zu haben. Patrick ist am 20.4.zu uns gekommen. Mit Ihm sind wir wieder ein richtiges Team und wir werden [&hellip;]<\/p>\n","protected":false},"author":1,"featured_media":0,"parent":0,"menu_order":0,"comment_status":"closed","ping_status":"closed","template":"","meta":{"_crdt_document":"","footnotes":""},"class_list":["post-72","page","type-page","status-publish","hentry"],"_links":{"self":[{"href":"https:\/\/blueslerntlaufen.de\/index.php?rest_route=\/wp\/v2\/pages\/72","targetHints":{"allow":["GET"]}}],"collection":[{"href":"https:\/\/blueslerntlaufen.de\/index.php?rest_route=\/wp\/v2\/pages"}],"about":[{"href":"https:\/\/blueslerntlaufen.de\/index.php?rest_route=\/wp\/v2\/types\/page"}],"author":[{"embeddable":true,"href":"https:\/\/blueslerntlaufen.de\/index.php?rest_route=\/wp\/v2\/users\/1"}],"replies":[{"embeddable":true,"href":"https:\/\/blueslerntlaufen.de\/index.php?rest_route=%2Fwp%2Fv2%2Fcomments&post=72"}],"version-history":[{"count":32,"href":"https:\/\/blueslerntlaufen.de\/index.php?rest_route=\/wp\/v2\/pages\/72\/revisions"}],"predecessor-version":[{"id":836,"href":"https:\/\/blueslerntlaufen.de\/index.php?rest_route=\/wp\/v2\/pages\/72\/revisions\/836"}],"wp:attachment":[{"href":"https:\/\/blueslerntlaufen.de\/index.php?rest_route=%2Fwp%2Fv2%2Fmedia&parent=72"}],"curies":[{"name":"wp","href":"https:\/\/api.w.org\/{rel}","templated":true}]}}